{"id":350,"date":"2015-02-17T21:42:51","date_gmt":"2015-02-17T21:42:51","guid":{"rendered":"http:\/\/africanchelonian.org\/?page_id=350"},"modified":"2024-07-15T09:09:34","modified_gmt":"2024-07-15T14:09:34","slug":"partenaires","status":"publish","type":"page","link":"https:\/\/africanaquaticconservation.org\/fr\/partenaires\/","title":{"rendered":"Partenaires"},"content":{"rendered":"<p>Le Fonds Africain conservation aquatique appr\u00e9cie la collaboration et le soutien de nos partenaires dans le monde entier. Qu&#8217;ils fournissent des subventions essentielles \u00e0 l&#8217;appui de nos programmes de terrain ou participent \u00e0 des \u00e9tudes avec notre \u00e9quipe, les partenaires suivants sont essentiels au succ\u00e8s de notre mission. Cliquez sur n&#8217;importe quel logo pour afficher le site Web de chaque partenaire.<\/p>\n<script type=\"text\/javascript\" src=\"\/\/africanaquaticconservation.org\/assets\/partners.min.js\"><\/script><div class=\"partner_wrap ast-container\" style=\"margin-top:30px;\"><div class=\"partner-gallery ast-row\"><div class=\"partner-logo\"><a href=\"http:\/\/thenationalaquarium.ae\" class=\"partnerlink\" title=\"Abu Dhabi National Aquarium\" target=\"_blank\"><img loading=\"lazy\" decoding=\"async\" src=\"https:\/\/africanaquaticconservation.org\/wp-content\/uploads\/2025\/11\/Abu-Dhabi-National-Aquarium-logo-vertical-144x150.png\" alt=\"Abu Dhabi National Aquarium\" title=\"Abu Dhabi National Aquarium\" class=\"partner-logo-img title-tooltip\" width=\"144\" height=\"150\" \/><\/a><\/div><div class=\"partner-logo\"><a href=\"http:\/\/www.ammco.org\" class=\"partnerlink\" title=\"AMMCO\" target=\"_blank\"><img loading=\"lazy\" decoding=\"async\" src=\"https:\/\/africanaquaticconservation.org\/wp-content\/uploads\/2016\/12\/AMMCO-logo-2016-159x150.jpg\" alt=\"AMMCO\" title=\"AMMCO\" class=\"partner-logo-img title-tooltip\" width=\"159\" height=\"150\" \/><\/a><\/div><div class=\"partner-logo\"><a href=\"http:\/\/awionline.org\" class=\"partnerlink\" title=\"Animal Welfare Institute\" target=\"_blank\"><img loading=\"lazy\" decoding=\"async\" src=\"https:\/\/africanaquaticconservation.org\/wp-content\/uploads\/2024\/05\/Animal_Welfare_Institute-Logo-179x150.png\" alt=\"Animal Welfare Institute\" title=\"Animal Welfare Institute\" class=\"partner-logo-img title-tooltip\" width=\"179\" height=\"150\" \/><\/a><\/div><div class=\"partner-logo\"><a href=\"http:\/\/sousateuszii.org\" class=\"partnerlink\" title=\"CCAHD\" target=\"_blank\"><img loading=\"lazy\" decoding=\"async\" src=\"https:\/\/africanaquaticconservation.org\/wp-content\/uploads\/2020\/10\/CCAHD_English_Full-Colour-270x150.jpg\" alt=\"CCAHD\" title=\"CCAHD\" class=\"partner-logo-img title-tooltip\" width=\"270\" height=\"150\" \/><\/a><\/div><div class=\"partner-logo\"><a href=\"http:\/\/manatipr.org\" class=\"partnerlink\" title=\"Centro de Conservacio Manaties\" target=\"_blank\"><img loading=\"lazy\" decoding=\"async\" src=\"https:\/\/africanaquaticconservation.org\/wp-content\/uploads\/2016\/12\/Centro-de-Conservacion-de-Manaties-de-PR-150x150.jpg\" alt=\"Centro de Conservacio Manaties\" title=\"Centro de Conservacio Manaties\" class=\"partner-logo-img title-tooltip\" width=\"150\" height=\"150\" \/><\/a><\/div><div class=\"partner-logo\"><a href=\"http:\/\/www.chelonian.org\" class=\"partnerlink\" title=\"Chelonian Research Foundation\" target=\"_blank\"><img loading=\"lazy\" decoding=\"async\" src=\"https:\/\/africanaquaticconservation.org\/wp-content\/uploads\/2018\/03\/chelonianresearchfoundation2-155x150.png\" alt=\"Chelonian Research Foundation\" title=\"Chelonian Research Foundation\" class=\"partner-logo-img title-tooltip\" width=\"155\" height=\"150\" \/><\/a><\/div><div class=\"partner-logo\"><a href=\"http:\/\/dolphinquest.com\" class=\"partnerlink\" title=\"Dolphin Quest\" target=\"_blank\"><img loading=\"lazy\" decoding=\"async\" src=\"https:\/\/africanaquaticconservation.org\/wp-content\/uploads\/2025\/11\/Dolphin-Quest-logo-302x150.png\" alt=\"Dolphin Quest\" title=\"Dolphin Quest\" class=\"partner-logo-img title-tooltip\" width=\"302\" height=\"150\" \/><\/a><\/div><div class=\"partner-logo\"><a href=\"http:\/\/www.eagle-enforcement.org\/senegal\/\" class=\"partnerlink\" title=\"EAGLE Network\" target=\"_blank\"><img loading=\"lazy\" decoding=\"async\" src=\"https:\/\/africanaquaticconservation.org\/wp-content\/uploads\/2016\/12\/EAGLE-Network-Logo-BG-205x150.png\" alt=\"EAGLE Network\" title=\"EAGLE Network\" class=\"partner-logo-img title-tooltip\" width=\"205\" height=\"150\" \/><\/a><\/div><div class=\"partner-logo\"><a href=\"http:\/\/www.globalwildlife.org\" class=\"partnerlink\" title=\"Global Wildlife Conservation\" target=\"_blank\"><img loading=\"lazy\" decoding=\"async\" src=\"https:\/\/africanaquaticconservation.org\/wp-content\/uploads\/2018\/11\/Global-Wildlife-Conservation-Logo-150x150.png\" alt=\"Global Wildlife Conservation\" title=\"Global Wildlife Conservation\" class=\"partner-logo-img title-tooltip\" width=\"150\" height=\"150\" \/><\/a><\/div><div class=\"partner-logo\"><a href=\"http:\/\/www.travelhx.com\/en-us\/stories\/foundation\/\" class=\"partnerlink\" title=\"HX Foundation\" target=\"_blank\"><img loading=\"lazy\" decoding=\"async\" src=\"https:\/\/africanaquaticconservation.org\/wp-content\/uploads\/2025\/11\/HX-Foundation-275x150.jpg\" alt=\"HX Foundation\" title=\"HX Foundation\" class=\"partner-logo-img title-tooltip\" width=\"275\" height=\"150\" \/><\/a><\/div><div class=\"partner-logo\"><a href=\"http:\/\/iwc.int\/home\" class=\"partnerlink\" title=\"International Whaling Comission\" target=\"_blank\"><img loading=\"lazy\" decoding=\"async\" src=\"https:\/\/africanaquaticconservation.org\/wp-content\/uploads\/2020\/10\/IWC-Logo-500x73.png\" alt=\"International Whaling Comission\" title=\"International Whaling Comission\" class=\"partner-logo-img title-tooltip\" width=\"500\" height=\"73\" \/><\/a><\/div><div class=\"partner-logo\"><a href=\"http:\/\/kmsff.org\" class=\"partnerlink\" title=\"KM Shimano Family Foundation\" target=\"_blank\"><img loading=\"lazy\" decoding=\"async\" src=\"https:\/\/africanaquaticconservation.org\/wp-content\/uploads\/2025\/11\/Shimano-FF-Logo-Full-Transparent-138x150.png\" alt=\"KM Shimano Family Foundation\" title=\"KM Shimano Family Foundation\" class=\"partner-logo-img title-tooltip\" width=\"138\" height=\"150\" \/><\/a><\/div><div class=\"partner-logo\"><a href=\"http:\/\/www.loroparque-fundacion.org\" class=\"partnerlink\" title=\"Loro Parque Fundacion\" target=\"_blank\"><img loading=\"lazy\" decoding=\"async\" src=\"https:\/\/africanaquaticconservation.org\/wp-content\/uploads\/2024\/07\/Loro-Parque-Logo.webp\" alt=\"Loro Parque Fundacion\" title=\"Loro Parque Fundacion\" class=\"partner-logo-img title-tooltip\" width=\"328\" height=\"130\" \/><\/a><\/div><div class=\"partner-logo\"><a href=\"http:\/\/www.mmc.gov\" class=\"partnerlink\" title=\"Marine Mammal Commission\" target=\"_blank\"><img loading=\"lazy\" decoding=\"async\" src=\"https:\/\/africanaquaticconservation.org\/wp-content\/uploads\/2016\/12\/Marine-Mammal-Commission-151x150.jpg\" alt=\"Marine Mammal Commission\" title=\"Marine Mammal Commission\" class=\"partner-logo-img title-tooltip\" width=\"151\" height=\"150\" \/><\/a><\/div><div class=\"partner-logo\"><a href=\"http:\/\/www.speciesconservation.org\" class=\"partnerlink\" title=\"Mohamed bin Zayed Species Conservation Fund\" target=\"_blank\"><img loading=\"lazy\" decoding=\"async\" src=\"https:\/\/africanaquaticconservation.org\/wp-content\/uploads\/2016\/12\/MBZ-species-conservation-fund-logo.png\" alt=\"Mohamed bin Zayed Species Conservation Fund\" title=\"Mohamed bin Zayed Species Conservation Fund\" class=\"partner-logo-img title-tooltip\" width=\"373\" height=\"86\" \/><\/a><\/div><div class=\"partner-logo\"><a href=\"http:\/\/www.nationalgeographic.com\" class=\"partnerlink\" title=\"National Geographic\" target=\"_blank\"><img loading=\"lazy\" decoding=\"async\" src=\"https:\/\/africanaquaticconservation.org\/wp-content\/uploads\/2018\/11\/national-geographic-logo_-_h_2012-224x150.jpg\" alt=\"National Geographic\" title=\"National Geographic\" class=\"partner-logo-img title-tooltip\" width=\"224\" height=\"150\" \/><\/a><\/div><div class=\"partner-logo\"><a href=\"http:\/\/www.neaq.org\" class=\"partnerlink\" title=\"New England Aquarium\" target=\"_blank\"><img loading=\"lazy\" decoding=\"async\" src=\"https:\/\/africanaquaticconservation.org\/wp-content\/uploads\/2015\/07\/NEAq_MCAF_logo-248x150.jpg\" alt=\"New England Aquarium\" title=\"New England Aquarium\" class=\"partner-logo-img title-tooltip\" width=\"248\" height=\"150\" \/><\/a><\/div><div class=\"partner-logo\"><a href=\"http:\/\/www.nmfs.noaa.gov\/pr\/programs.htm\" class=\"partnerlink\" title=\"NOAA International Program\" target=\"_blank\"><img loading=\"lazy\" decoding=\"async\" src=\"https:\/\/africanaquaticconservation.org\/wp-content\/uploads\/2016\/12\/NOAA-Logo-sm.gif\" alt=\"NOAA International Program\" title=\"NOAA International Program\" class=\"partner-logo-img title-tooltip\" width=\"384\" height=\"87\" \/><\/a><\/div><div class=\"partner-logo\"><a href=\"http:\/\/www.oceans5.org\" class=\"partnerlink\" title=\"Oceans5\" target=\"_blank\"><img loading=\"lazy\" decoding=\"async\" src=\"https:\/\/africanaquaticconservation.org\/wp-content\/uploads\/2025\/11\/Oceans5-color-logo-500x125.png\" alt=\"Oceans5\" title=\"Oceans5\" class=\"partner-logo-img title-tooltip\" width=\"500\" height=\"125\" \/><\/a><\/div><div class=\"partner-logo\"><a href=\"http:\/\/www.oelogabon.org\" class=\"partnerlink\" title=\"OELO\" target=\"_blank\"><img loading=\"lazy\" decoding=\"async\" src=\"https:\/\/africanaquaticconservation.org\/wp-content\/uploads\/2016\/12\/OELO-logo-343x150.png\" alt=\"OELO\" title=\"OELO\" class=\"partner-logo-img title-tooltip\" width=\"343\" height=\"150\" \/><\/a><\/div><div class=\"partner-logo\"><a href=\"http:\/\/www.pewtrusts.org\/en\/projects\/marine-fellows\" class=\"partnerlink\" title=\"Pew Marine Fellowship\" target=\"_blank\"><img loading=\"lazy\" decoding=\"async\" src=\"https:\/\/africanaquaticconservation.org\/wp-content\/uploads\/2017\/02\/Pew-square-logo-150x150.jpg\" alt=\"Pew Marine Fellowship\" title=\"Pew Marine Fellowship\" class=\"partner-logo-img title-tooltip\" width=\"150\" height=\"150\" \/><\/a><\/div><div class=\"partner-logo\"><a href=\"http:\/\/www.flyairlink.com\" class=\"partnerlink\" title=\"SA Airlink\" target=\"_blank\"><img loading=\"lazy\" decoding=\"async\" src=\"https:\/\/africanaquaticconservation.org\/wp-content\/uploads\/2020\/10\/airlink-dark-logo.png\" alt=\"SA Airlink\" title=\"SA Airlink\" class=\"partner-logo-img title-tooltip\" width=\"169\" height=\"50\" \/><\/a><\/div><div class=\"partner-logo\"><a href=\"http:\/\/www.si.edu\" class=\"partnerlink\" title=\"Smithsonian Institution\" target=\"_blank\"><img loading=\"lazy\" decoding=\"async\" src=\"https:\/\/africanaquaticconservation.org\/wp-content\/uploads\/2018\/11\/Smithsonian-logo-160x150.png\" alt=\"Smithsonian Institution\" title=\"Smithsonian Institution\" class=\"partner-logo-img title-tooltip\" width=\"160\" height=\"150\" \/><\/a><\/div><div class=\"partner-logo\"><a href=\"http:\/\/mgel.env.duke.edu\/projects\/swot\/\" class=\"partnerlink\" title=\"SWOT\" target=\"_blank\"><img loading=\"lazy\" decoding=\"async\" src=\"https:\/\/africanaquaticconservation.org\/wp-content\/uploads\/2016\/12\/SWOT-logo.png\" alt=\"SWOT\" title=\"SWOT\" class=\"partner-logo-img title-tooltip\" width=\"205\" height=\"100\" \/><\/a><\/div><div class=\"partner-logo\"><a href=\"http:\/\/theturtleroom.org\" class=\"partnerlink\" title=\"theTurtleRoom\" target=\"_blank\"><img loading=\"lazy\" decoding=\"async\" src=\"https:\/\/africanaquaticconservation.org\/wp-content\/uploads\/2024\/07\/tTRLogoB-Full-transparent_BATH-500x131.png\" alt=\"theTurtleRoom\" title=\"theTurtleRoom\" class=\"partner-logo-img title-tooltip\" width=\"500\" height=\"131\" \/><\/a><\/div><div class=\"partner-logo\"><a href=\"http:\/\/www.fws.gov\/international\/wildlife-without-borders\/\" class=\"partnerlink\" title=\"USFS Wildlife Without Borders\" target=\"_blank\"><img loading=\"lazy\" decoding=\"async\" src=\"https:\/\/africanaquaticconservation.org\/wp-content\/uploads\/2017\/05\/USFWS-Logo-LG-126x150.jpg\" alt=\"USFS Wildlife Without Borders\" title=\"USFS Wildlife Without Borders\" class=\"partner-logo-img title-tooltip\" width=\"126\" height=\"150\" \/><\/a><\/div><div class=\"partner-logo\"><a href=\"http:\/\/www.usgs.gov\/centers\/wetland-and-aquatic-research-center-warc\/science-topics\/manatees\" class=\"partnerlink\" title=\"USGS Sirenia Project\" target=\"_blank\"><img loading=\"lazy\" decoding=\"async\" src=\"https:\/\/africanaquaticconservation.org\/wp-content\/uploads\/2016\/12\/USGS-Green-Logo-349x150.jpg\" alt=\"USGS Sirenia Project\" title=\"USGS Sirenia Project\" class=\"partner-logo-img title-tooltip\" width=\"349\" height=\"150\" \/><\/a><\/div><div class=\"partner-logo\"><h4 style=\"text-transform:none;\"><a href=\"http:\/\/www.location-nosy-be.com\" class=\"partnerlink\" title=\"Villa le Merou d'Or\" target=\"_blank\">Villa le Merou d'Or<\/a><\/h4><\/div><div class=\"partner-logo\"><a href=\"http:\/\/whales.org\" class=\"partnerlink\" title=\"Whale and Dolphin Conservation\" target=\"_blank\"><img loading=\"lazy\" decoding=\"async\" src=\"https:\/\/africanaquaticconservation.org\/wp-content\/uploads\/2024\/07\/WDC_Logo-316x150.jpg\" alt=\"Whale and Dolphin Conservation\" title=\"Whale and Dolphin Conservation\" class=\"partner-logo-img title-tooltip\" width=\"316\" height=\"150\" \/><\/a><\/div><div class=\"partner-logo\"><a href=\"http:\/\/zoo.wroclaw.pl\" class=\"partnerlink\" title=\"Zoo Wroclaw\" target=\"_blank\"><img loading=\"lazy\" decoding=\"async\" src=\"https:\/\/africanaquaticconservation.org\/wp-content\/uploads\/2018\/03\/Wroclaw-Zoo-Sm-303x150.jpg\" alt=\"Zoo Wroclaw\" title=\"Zoo Wroclaw\" class=\"partner-logo-img title-tooltip\" width=\"303\" height=\"150\" \/><\/a><\/div><div class=\"partner-logo\"><a href=\"http:\/\/zoomed.com\" class=\"partnerlink\" title=\"ZooMed\" target=\"_blank\"><img loading=\"lazy\" decoding=\"async\" src=\"https:\/\/africanaquaticconservation.org\/wp-content\/uploads\/2016\/12\/ZooMed-turtle-Logo-183x150.jpg\" alt=\"ZooMed\" title=\"ZooMed\" class=\"partner-logo-img title-tooltip\" width=\"183\" height=\"150\" \/><\/a><\/div><div class=\"partner-logo\"><a href=\"https:\/\/wpml.org\/\" class=\"partnerlink\" title=\"WordPress Multilingual Plugin (WPML)\" target=\"_blank\"><img loading=\"lazy\" decoding=\"async\" src=\"\/\/africanaquaticconservation.org\/wp-content\/uploads\/2015\/01\/WPML.png\" alt=\"WPML\" title=\"WPML\" class=\"partner-logo-img title-tooltip\" width=\"265\" height=\"101\" \/><\/a><\/div><\/div><\/div><script type=\"text\/javascript\">jQuery(document).ready(function($){$gallery = $(\".partner-gallery\");$gallery.isotope({itemSelector:\".partner-logo\",layoutMode:\"packery\",packery:{gutter:35}});setTimeout(function(){$gallery.isotope(\"layout\");},100);});<\/script>\n<div class=\"spacer\"><\/div>\n","protected":false},"excerpt":{"rendered":"<p>Le Fonds Africain conservation aquatique appr\u00e9cie la collaboration et le soutien de nos partenaires dans le monde entier. Qu&#8217;ils fournissent des subventions essentielles \u00e0 l&#8217;appui de nos programmes de terrain ou participent \u00e0 des \u00e9tudes avec notre \u00e9quipe, les partenaires suivants sont essentiels au succ\u00e8s de notre mission. Cliquez sur n&#8217;importe quel logo pour afficher le site Web de chaque partenaire.<\/p>\n","protected":false},"author":2,"featured_media":0,"parent":0,"menu_order":3,"comment_status":"closed","ping_status":"closed","template":"","meta":{"give_campaign_id":0,"site-sidebar-layout":"default","site-content-layout":"","ast-site-content-layout":"default","site-content-style":"default","site-sidebar-style":"default","ast-global-header-display":"","ast-banner-title-visibility":"","ast-main-header-display":"","ast-hfb-above-header-display":"","ast-hfb-below-header-display":"","ast-hfb-mobile-header-display":"","site-post-title":"","ast-breadcrumbs-content":"","ast-featured-img":"","footer-sml-layout":"","theme-transparent-header-meta":"default","adv-header-id-meta":"6144","stick-header-meta":"default","header-above-stick-meta":"","header-main-stick-meta":"","header-below-stick-meta":"","astra-migrate-meta-layouts":"set","ast-page-background-enabled":"default","ast-page-background-meta":{"desktop":{"background-color":"","background-image":"","background-repeat":"repeat","background-position":"center center","background-size":"auto","background-attachment":"scroll","background-type":"","background-media":"","overlay-type":"","overlay-color":"","overlay-opacity":"","overlay-gradient":""},"tablet":{"background-color":"","background-image":"","background-repeat":"repeat","background-position":"center center","background-size":"auto","background-attachment":"scroll","background-type":"","background-media":"","overlay-type":"","overlay-color":"","overlay-opacity":"","overlay-gradient":""},"mobile":{"background-color":"","background-image":"","background-repeat":"repeat","background-position":"center center","background-size":"auto","background-attachment":"scroll","background-type":"","background-media":"","overlay-type":"","overlay-color":"","overlay-opacity":"","overlay-gradient":""}},"ast-content-background-meta":{"desktop":{"background-color":"var(--ast-global-color-5)","background-image":"","background-repeat":"repeat","background-position":"center center","background-size":"auto","background-attachment":"scroll","background-type":"","background-media":"","overlay-type":"","overlay-color":"","overlay-opacity":"","overlay-gradient":""},"tablet":{"background-color":"var(--ast-global-color-5)","background-image":"","background-repeat":"repeat","background-position":"center center","background-size":"auto","background-attachment":"scroll","background-type":"","background-media":"","overlay-type":"","overlay-color":"","overlay-opacity":"","overlay-gradient":""},"mobile":{"background-color":"var(--ast-global-color-5)","background-image":"","background-repeat":"repeat","background-position":"center center","background-size":"auto","background-attachment":"scroll","background-type":"","background-media":"","overlay-type":"","overlay-color":"","overlay-opacity":"","overlay-gradient":""}},"footnotes":""},"class_list":["post-350","page","type-page","status-publish","hentry"],"yoast_head":"<!-- This site is optimized with the Yoast SEO plugin v26.5 - https:\/\/yoast.com\/wordpress\/plugins\/seo\/ -->\n<title>Partenaires - African Aquatic Conservation Fund<\/title>\n<meta name=\"robots\" content=\"index, follow, max-snippet:-1, max-image-preview:large, max-video-preview:-1\" \/>\n<link rel=\"canonical\" href=\"https:\/\/africanaquaticconservation.org\/fr\/partenaires\/\" \/>\n<meta property=\"og:locale\" content=\"fr_FR\" \/>\n<meta property=\"og:type\" content=\"article\" \/>\n<meta property=\"og:title\" content=\"Partenaires - African Aquatic Conservation Fund\" \/>\n<meta property=\"og:description\" content=\"Le Fonds Africain conservation aquatique appr\u00e9cie la collaboration et le soutien de nos partenaires dans le monde entier. Qu&#8217;ils fournissent des subventions essentielles \u00e0 l&#8217;appui de nos programmes de terrain ou participent \u00e0 des \u00e9tudes avec notre \u00e9quipe, les partenaires suivants sont essentiels au succ\u00e8s de notre mission. Cliquez sur n&#8217;importe quel logo pour afficher le site Web de chaque partenaire.\" \/>\n<meta property=\"og:url\" content=\"https:\/\/africanaquaticconservation.org\/fr\/partenaires\/\" \/>\n<meta property=\"og:site_name\" content=\"African Aquatic Conservation Fund\" \/>\n<meta property=\"article:publisher\" content=\"https:\/\/www.facebook.com\/AfricanAquaticConsFund\/\" \/>\n<meta property=\"article:modified_time\" content=\"2024-07-15T14:09:34+00:00\" \/>\n<meta property=\"og:image\" content=\"https:\/\/africanaquaticconservation.org\/wp-content\/uploads\/2015\/10\/AACF-275h.png\" \/>\n\t<meta property=\"og:image:width\" content=\"805\" \/>\n\t<meta property=\"og:image:height\" content=\"276\" \/>\n\t<meta property=\"og:image:type\" content=\"image\/png\" \/>\n<meta name=\"twitter:card\" content=\"summary_large_image\" \/>\n<meta name=\"twitter:label1\" content=\"Dur\u00e9e de lecture estim\u00e9e\" \/>\n\t<meta name=\"twitter:data1\" content=\"1 minute\" \/>\n<script type=\"application\/ld+json\" class=\"yoast-schema-graph\">{\"@context\":\"https:\/\/schema.org\",\"@graph\":[{\"@type\":\"WebPage\",\"@id\":\"https:\/\/africanaquaticconservation.org\/fr\/partenaires\/\",\"url\":\"https:\/\/africanaquaticconservation.org\/fr\/partenaires\/\",\"name\":\"Partenaires - African Aquatic Conservation Fund\",\"isPartOf\":{\"@id\":\"https:\/\/africanaquaticconservation.org\/#website\"},\"datePublished\":\"2015-02-17T21:42:51+00:00\",\"dateModified\":\"2024-07-15T14:09:34+00:00\",\"breadcrumb\":{\"@id\":\"https:\/\/africanaquaticconservation.org\/fr\/partenaires\/#breadcrumb\"},\"inLanguage\":\"fr-FR\",\"potentialAction\":[{\"@type\":\"ReadAction\",\"target\":[\"https:\/\/africanaquaticconservation.org\/fr\/partenaires\/\"]}]},{\"@type\":\"BreadcrumbList\",\"@id\":\"https:\/\/africanaquaticconservation.org\/fr\/partenaires\/#breadcrumb\",\"itemListElement\":[{\"@type\":\"ListItem\",\"position\":1,\"name\":\"Accueil\",\"item\":\"https:\/\/africanaquaticconservation.org\/fr\/\"},{\"@type\":\"ListItem\",\"position\":2,\"name\":\"Partenaires\"}]},{\"@type\":\"WebSite\",\"@id\":\"https:\/\/africanaquaticconservation.org\/#website\",\"url\":\"https:\/\/africanaquaticconservation.org\/\",\"name\":\"African Aquatic Conservation Fund\",\"description\":\"Recherche. Education. Conservation.\",\"publisher\":{\"@id\":\"https:\/\/africanaquaticconservation.org\/#organization\"},\"potentialAction\":[{\"@type\":\"SearchAction\",\"target\":{\"@type\":\"EntryPoint\",\"urlTemplate\":\"https:\/\/africanaquaticconservation.org\/?s={search_term_string}\"},\"query-input\":{\"@type\":\"PropertyValueSpecification\",\"valueRequired\":true,\"valueName\":\"search_term_string\"}}],\"inLanguage\":\"fr-FR\"},{\"@type\":\"Organization\",\"@id\":\"https:\/\/africanaquaticconservation.org\/#organization\",\"name\":\"African Aquatic Conservation Fund\",\"url\":\"https:\/\/africanaquaticconservation.org\/\",\"logo\":{\"@type\":\"ImageObject\",\"inLanguage\":\"fr-FR\",\"@id\":\"https:\/\/africanaquaticconservation.org\/#\/schema\/logo\/image\/\",\"url\":\"https:\/\/africanaquaticconservation.org\/wp-content\/uploads\/2016\/08\/AACF-100h-1.png\",\"contentUrl\":\"https:\/\/africanaquaticconservation.org\/wp-content\/uploads\/2016\/08\/AACF-100h-1.png\",\"width\":\"293\",\"height\":\"100\",\"caption\":\"African Aquatic Conservation Fund\"},\"image\":{\"@id\":\"https:\/\/africanaquaticconservation.org\/#\/schema\/logo\/image\/\"},\"sameAs\":[\"https:\/\/www.facebook.com\/AfricanAquaticConsFund\/\"]}]}<\/script>\n<!-- \/ Yoast SEO plugin. -->","yoast_head_json":{"title":"Partenaires - African Aquatic Conservation Fund","robots":{"index":"index","follow":"follow","max-snippet":"max-snippet:-1","max-image-preview":"max-image-preview:large","max-video-preview":"max-video-preview:-1"},"canonical":"https:\/\/africanaquaticconservation.org\/fr\/partenaires\/","og_locale":"fr_FR","og_type":"article","og_title":"Partenaires - African Aquatic Conservation Fund","og_description":"Le Fonds Africain conservation aquatique appr\u00e9cie la collaboration et le soutien de nos partenaires dans le monde entier. Qu&#8217;ils fournissent des subventions essentielles \u00e0 l&#8217;appui de nos programmes de terrain ou participent \u00e0 des \u00e9tudes avec notre \u00e9quipe, les partenaires suivants sont essentiels au succ\u00e8s de notre mission. Cliquez sur n&#8217;importe quel logo pour afficher le site Web de chaque partenaire.","og_url":"https:\/\/africanaquaticconservation.org\/fr\/partenaires\/","og_site_name":"African Aquatic Conservation Fund","article_publisher":"https:\/\/www.facebook.com\/AfricanAquaticConsFund\/","article_modified_time":"2024-07-15T14:09:34+00:00","og_image":[{"width":805,"height":276,"url":"https:\/\/africanaquaticconservation.org\/wp-content\/uploads\/2015\/10\/AACF-275h.png","type":"image\/png"}],"twitter_card":"summary_large_image","twitter_misc":{"Dur\u00e9e de lecture estim\u00e9e":"1 minute"},"schema":{"@context":"https:\/\/schema.org","@graph":[{"@type":"WebPage","@id":"https:\/\/africanaquaticconservation.org\/fr\/partenaires\/","url":"https:\/\/africanaquaticconservation.org\/fr\/partenaires\/","name":"Partenaires - African Aquatic Conservation Fund","isPartOf":{"@id":"https:\/\/africanaquaticconservation.org\/#website"},"datePublished":"2015-02-17T21:42:51+00:00","dateModified":"2024-07-15T14:09:34+00:00","breadcrumb":{"@id":"https:\/\/africanaquaticconservation.org\/fr\/partenaires\/#breadcrumb"},"inLanguage":"fr-FR","potentialAction":[{"@type":"ReadAction","target":["https:\/\/africanaquaticconservation.org\/fr\/partenaires\/"]}]},{"@type":"BreadcrumbList","@id":"https:\/\/africanaquaticconservation.org\/fr\/partenaires\/#breadcrumb","itemListElement":[{"@type":"ListItem","position":1,"name":"Accueil","item":"https:\/\/africanaquaticconservation.org\/fr\/"},{"@type":"ListItem","position":2,"name":"Partenaires"}]},{"@type":"WebSite","@id":"https:\/\/africanaquaticconservation.org\/#website","url":"https:\/\/africanaquaticconservation.org\/","name":"African Aquatic Conservation Fund","description":"Recherche. Education. Conservation.","publisher":{"@id":"https:\/\/africanaquaticconservation.org\/#organization"},"potentialAction":[{"@type":"SearchAction","target":{"@type":"EntryPoint","urlTemplate":"https:\/\/africanaquaticconservation.org\/?s={search_term_string}"},"query-input":{"@type":"PropertyValueSpecification","valueRequired":true,"valueName":"search_term_string"}}],"inLanguage":"fr-FR"},{"@type":"Organization","@id":"https:\/\/africanaquaticconservation.org\/#organization","name":"African Aquatic Conservation Fund","url":"https:\/\/africanaquaticconservation.org\/","logo":{"@type":"ImageObject","inLanguage":"fr-FR","@id":"https:\/\/africanaquaticconservation.org\/#\/schema\/logo\/image\/","url":"https:\/\/africanaquaticconservation.org\/wp-content\/uploads\/2016\/08\/AACF-100h-1.png","contentUrl":"https:\/\/africanaquaticconservation.org\/wp-content\/uploads\/2016\/08\/AACF-100h-1.png","width":"293","height":"100","caption":"African Aquatic Conservation Fund"},"image":{"@id":"https:\/\/africanaquaticconservation.org\/#\/schema\/logo\/image\/"},"sameAs":["https:\/\/www.facebook.com\/AfricanAquaticConsFund\/"]}]}},"campaignId":"","_links":{"self":[{"href":"https:\/\/africanaquaticconservation.org\/fr\/wp-json\/wp\/v2\/pages\/350","targetHints":{"allow":["GET"]}}],"collection":[{"href":"https:\/\/africanaquaticconservation.org\/fr\/wp-json\/wp\/v2\/pages"}],"about":[{"href":"https:\/\/africanaquaticconservation.org\/fr\/wp-json\/wp\/v2\/types\/page"}],"author":[{"embeddable":true,"href":"https:\/\/africanaquaticconservation.org\/fr\/wp-json\/wp\/v2\/users\/2"}],"replies":[{"embeddable":true,"href":"https:\/\/africanaquaticconservation.org\/fr\/wp-json\/wp\/v2\/comments?post=350"}],"version-history":[{"count":7,"href":"https:\/\/africanaquaticconservation.org\/fr\/wp-json\/wp\/v2\/pages\/350\/revisions"}],"predecessor-version":[{"id":6145,"href":"https:\/\/africanaquaticconservation.org\/fr\/wp-json\/wp\/v2\/pages\/350\/revisions\/6145"}],"wp:attachment":[{"href":"https:\/\/africanaquaticconservation.org\/fr\/wp-json\/wp\/v2\/media?parent=350"}],"curies":[{"name":"wp","href":"https:\/\/api.w.org\/{rel}","templated":true}]}}