{"id":6001,"date":"2024-06-28T16:49:23","date_gmt":"2024-06-28T21:49:23","guid":{"rendered":"https:\/\/devo.theturtleroom.org\/?page_id=6001"},"modified":"2025-11-19T09:50:25","modified_gmt":"2025-11-19T14:50:25","slug":"contact","status":"publish","type":"page","link":"https:\/\/africanaquaticconservation.org\/fr\/contact\/","title":{"rendered":"Contact"},"content":{"rendered":"<p>Avez-vous des questions ou souhaitez entrer en contact ? Remplissez le formulaire ci-dessous et nous vous r\u00e9pondrons dans les plus brefs d\u00e9lais.<\/p>\n<p>Vous pr\u00e9f\u00e9rez parler au t\u00e9l\u00e9phone? Appelez-nous au +1 508-388-9824.<\/p>\n\n<div class=\"wpcf7 no-js\" id=\"wpcf7-f6382-o1\" lang=\"en-US\" dir=\"ltr\" data-wpcf7-id=\"6382\">\n<div class=\"screen-reader-response\"><p role=\"status\" aria-live=\"polite\" aria-atomic=\"true\"><\/p> <ul><\/ul><\/div>\n<form action=\"\/fr\/wp-json\/wp\/v2\/pages\/6001#wpcf7-f6382-o1\" method=\"post\" class=\"wpcf7-form init\" aria-label=\"Contact form\" novalidate=\"novalidate\" data-status=\"init\">\n<fieldset class=\"hidden-fields-container\"><input type=\"hidden\" name=\"_wpcf7\" value=\"6382\" \/><input type=\"hidden\" name=\"_wpcf7_version\" value=\"6.1.4\" \/><input type=\"hidden\" name=\"_wpcf7_locale\" value=\"en_US\" \/><input type=\"hidden\" name=\"_wpcf7_unit_tag\" value=\"wpcf7-f6382-o1\" \/><input type=\"hidden\" name=\"_wpcf7_container_post\" value=\"0\" \/><input type=\"hidden\" name=\"_wpcf7_posted_data_hash\" value=\"\" \/><input type=\"hidden\" name=\"_wpcf7_recaptcha_response\" value=\"\" \/>\n<\/fieldset>\n<div class=\"ast-row\">\n\t<div class=\"ast-col-sm-6\">\n\t\t<p>Votre Nom\n\t\t<\/p>\n\t\t<p><span class=\"wpcf7-form-control-wrap\" data-name=\"your-name\"><input size=\"40\" maxlength=\"400\" class=\"wpcf7-form-control wpcf7-text wpcf7-validates-as-required form-control\" aria-required=\"true\" aria-invalid=\"false\" value=\"\" type=\"text\" name=\"your-name\" \/><\/span>\n\t\t<\/p>\n\t<\/div>\n\t<div class=\"ast-col-sm-6\">\n\t\t<p>Votre Email\n\t\t<\/p>\n\t\t<p><span class=\"wpcf7-form-control-wrap\" data-name=\"your-email\"><input size=\"40\" maxlength=\"400\" class=\"wpcf7-form-control wpcf7-email wpcf7-validates-as-required wpcf7-text wpcf7-validates-as-email form-control\" aria-required=\"true\" aria-invalid=\"false\" value=\"\" type=\"email\" name=\"your-email\" \/><\/span>\n\t\t<\/p>\n\t<\/div>\n\t<div class=\"ast-col-sm-12\">\n\t\t<p>Sujet\n\t\t<\/p>\n\t\t<p><span class=\"wpcf7-form-control-wrap\" data-name=\"your-subject\"><input size=\"40\" maxlength=\"400\" class=\"wpcf7-form-control wpcf7-text wpcf7-validates-as-required form-control\" aria-required=\"true\" aria-invalid=\"false\" value=\"\" type=\"text\" name=\"your-subject\" \/><\/span>\n\t\t<\/p>\n\t<\/div>\n<\/div>\n<div class=\"ast-row\">\n\t<div class=\"ast-col-sm-12\">\n\t\t<p>Votre Message\n\t\t<\/p>\n\t\t<p><span class=\"wpcf7-form-control-wrap\" data-name=\"your-message\"><textarea cols=\"40\" rows=\"8\" maxlength=\"2000\" class=\"wpcf7-form-control wpcf7-textarea wpcf7-validates-as-required form-control\" aria-required=\"true\" aria-invalid=\"false\" name=\"your-message\"><\/textarea><\/span>\n\t\t<\/p>\n\t\t<p>\n\t\t\n\t\t<\/p>\n\t\t<p class=\"submitbtn\"><input class=\"wpcf7-form-control wpcf7-submit has-spinner\" type=\"submit\" value=\"Send\" \/>\n\t\t<\/p>\n\t<\/div>\n<\/div><p style=\"display: none !important;\" class=\"akismet-fields-container\" data-prefix=\"_wpcf7_ak_\"><label>&#916;<textarea name=\"_wpcf7_ak_hp_textarea\" cols=\"45\" rows=\"8\" maxlength=\"100\"><\/textarea><\/label><input type=\"hidden\" id=\"ak_js_1\" name=\"_wpcf7_ak_js\" value=\"121\"\/><script>document.getElementById( \"ak_js_1\" ).setAttribute( \"value\", ( new Date() ).getTime() );<\/script><\/p><div class=\"wpcf7-response-output\" aria-hidden=\"true\"><\/div>\n<\/form>\n<\/div>\n\n","protected":false},"excerpt":{"rendered":"<p>Avez-vous des questions ou souhaitez entrer en contact ? Remplissez le formulaire ci-dessous et nous vous r\u00e9pondrons dans les plus brefs d\u00e9lais. Vous pr\u00e9f\u00e9rez parler au t\u00e9l\u00e9phone? Appelez-nous au +1 508-388-9824.<\/p>\n","protected":false},"author":2,"featured_media":0,"parent":0,"menu_order":7,"comment_status":"closed","ping_status":"closed","template":"","meta":{"give_campaign_id":0,"site-sidebar-layout":"right-sidebar","site-content-layout":"","ast-site-content-layout":"default","site-content-style":"default","site-sidebar-style":"default","ast-global-header-display":"","ast-banner-title-visibility":"","ast-main-header-display":"","ast-hfb-above-header-display":"","ast-hfb-below-header-display":"","ast-hfb-mobile-header-display":"","site-post-title":"","ast-breadcrumbs-content":"","ast-featured-img":"","footer-sml-layout":"","theme-transparent-header-meta":"default","adv-header-id-meta":"6025","stick-header-meta":"default","header-above-stick-meta":"","header-main-stick-meta":"","header-below-stick-meta":"","astra-migrate-meta-layouts":"set","ast-page-background-enabled":"default","ast-page-background-meta":{"desktop":{"background-color":"","background-image":"","background-repeat":"repeat","background-position":"center center","background-size":"auto","background-attachment":"scroll","background-type":"","background-media":"","overlay-type":"","overlay-color":"","overlay-opacity":"","overlay-gradient":""},"tablet":{"background-color":"","background-image":"","background-repeat":"repeat","background-position":"center center","background-size":"auto","background-attachment":"scroll","background-type":"","background-media":"","overlay-type":"","overlay-color":"","overlay-opacity":"","overlay-gradient":""},"mobile":{"background-color":"","background-image":"","background-repeat":"repeat","background-position":"center center","background-size":"auto","background-attachment":"scroll","background-type":"","background-media":"","overlay-type":"","overlay-color":"","overlay-opacity":"","overlay-gradient":""}},"ast-content-background-meta":{"desktop":{"background-color":"var(--ast-global-color-5)","background-image":"","background-repeat":"repeat","background-position":"center center","background-size":"auto","background-attachment":"scroll","background-type":"","background-media":"","overlay-type":"","overlay-color":"","overlay-opacity":"","overlay-gradient":""},"tablet":{"background-color":"var(--ast-global-color-5)","background-image":"","background-repeat":"repeat","background-position":"center center","background-size":"auto","background-attachment":"scroll","background-type":"","background-media":"","overlay-type":"","overlay-color":"","overlay-opacity":"","overlay-gradient":""},"mobile":{"background-color":"var(--ast-global-color-5)","background-image":"","background-repeat":"repeat","background-position":"center center","background-size":"auto","background-attachment":"scroll","background-type":"","background-media":"","overlay-type":"","overlay-color":"","overlay-opacity":"","overlay-gradient":""}},"footnotes":""},"class_list":["post-6001","page","type-page","status-publish","hentry"],"yoast_head":"<!-- This site is optimized with the Yoast SEO plugin v26.5 - https:\/\/yoast.com\/wordpress\/plugins\/seo\/ -->\n<title>Contact - African Aquatic Conservation Fund<\/title>\n<meta name=\"robots\" content=\"index, follow, max-snippet:-1, max-image-preview:large, max-video-preview:-1\" \/>\n<link rel=\"canonical\" href=\"https:\/\/africanaquaticconservation.org\/fr\/contact\/\" \/>\n<meta property=\"og:locale\" content=\"fr_FR\" \/>\n<meta property=\"og:type\" content=\"article\" \/>\n<meta property=\"og:title\" content=\"Contact - African Aquatic Conservation Fund\" \/>\n<meta property=\"og:description\" content=\"Avez-vous des questions ou souhaitez entrer en contact ? Remplissez le formulaire ci-dessous et nous vous r\u00e9pondrons dans les plus brefs d\u00e9lais. Vous pr\u00e9f\u00e9rez parler au t\u00e9l\u00e9phone? Appelez-nous au +1 508-388-9824.\" \/>\n<meta property=\"og:url\" content=\"https:\/\/africanaquaticconservation.org\/fr\/contact\/\" \/>\n<meta property=\"og:site_name\" content=\"African Aquatic Conservation Fund\" \/>\n<meta property=\"article:publisher\" content=\"https:\/\/www.facebook.com\/AfricanAquaticConsFund\/\" \/>\n<meta property=\"article:modified_time\" content=\"2025-11-19T14:50:25+00:00\" \/>\n<meta property=\"og:image\" content=\"https:\/\/africanaquaticconservation.org\/wp-content\/uploads\/2015\/10\/AACF-275h.png\" \/>\n\t<meta property=\"og:image:width\" content=\"805\" \/>\n\t<meta property=\"og:image:height\" content=\"276\" \/>\n\t<meta property=\"og:image:type\" content=\"image\/png\" \/>\n<meta name=\"twitter:card\" content=\"summary_large_image\" \/>\n<meta name=\"twitter:label1\" content=\"Dur\u00e9e de lecture estim\u00e9e\" \/>\n\t<meta name=\"twitter:data1\" content=\"1 minute\" \/>\n<script type=\"application\/ld+json\" class=\"yoast-schema-graph\">{\"@context\":\"https:\/\/schema.org\",\"@graph\":[{\"@type\":\"WebPage\",\"@id\":\"https:\/\/africanaquaticconservation.org\/fr\/contact\/\",\"url\":\"https:\/\/africanaquaticconservation.org\/fr\/contact\/\",\"name\":\"Contact - African Aquatic Conservation Fund\",\"isPartOf\":{\"@id\":\"https:\/\/africanaquaticconservation.org\/#website\"},\"datePublished\":\"2024-06-28T21:49:23+00:00\",\"dateModified\":\"2025-11-19T14:50:25+00:00\",\"breadcrumb\":{\"@id\":\"https:\/\/africanaquaticconservation.org\/fr\/contact\/#breadcrumb\"},\"inLanguage\":\"fr-FR\",\"potentialAction\":[{\"@type\":\"ReadAction\",\"target\":[\"https:\/\/africanaquaticconservation.org\/fr\/contact\/\"]}]},{\"@type\":\"BreadcrumbList\",\"@id\":\"https:\/\/africanaquaticconservation.org\/fr\/contact\/#breadcrumb\",\"itemListElement\":[{\"@type\":\"ListItem\",\"position\":1,\"name\":\"Accueil\",\"item\":\"https:\/\/africanaquaticconservation.org\/fr\/\"},{\"@type\":\"ListItem\",\"position\":2,\"name\":\"Contact\"}]},{\"@type\":\"WebSite\",\"@id\":\"https:\/\/africanaquaticconservation.org\/#website\",\"url\":\"https:\/\/africanaquaticconservation.org\/\",\"name\":\"African Aquatic Conservation Fund\",\"description\":\"Recherche. Education. Conservation.\",\"publisher\":{\"@id\":\"https:\/\/africanaquaticconservation.org\/#organization\"},\"potentialAction\":[{\"@type\":\"SearchAction\",\"target\":{\"@type\":\"EntryPoint\",\"urlTemplate\":\"https:\/\/africanaquaticconservation.org\/?s={search_term_string}\"},\"query-input\":{\"@type\":\"PropertyValueSpecification\",\"valueRequired\":true,\"valueName\":\"search_term_string\"}}],\"inLanguage\":\"fr-FR\"},{\"@type\":\"Organization\",\"@id\":\"https:\/\/africanaquaticconservation.org\/#organization\",\"name\":\"African Aquatic Conservation Fund\",\"url\":\"https:\/\/africanaquaticconservation.org\/\",\"logo\":{\"@type\":\"ImageObject\",\"inLanguage\":\"fr-FR\",\"@id\":\"https:\/\/africanaquaticconservation.org\/#\/schema\/logo\/image\/\",\"url\":\"https:\/\/africanaquaticconservation.org\/wp-content\/uploads\/2016\/08\/AACF-100h-1.png\",\"contentUrl\":\"https:\/\/africanaquaticconservation.org\/wp-content\/uploads\/2016\/08\/AACF-100h-1.png\",\"width\":\"293\",\"height\":\"100\",\"caption\":\"African Aquatic Conservation Fund\"},\"image\":{\"@id\":\"https:\/\/africanaquaticconservation.org\/#\/schema\/logo\/image\/\"},\"sameAs\":[\"https:\/\/www.facebook.com\/AfricanAquaticConsFund\/\"]}]}<\/script>\n<!-- \/ Yoast SEO plugin. -->","yoast_head_json":{"title":"Contact - African Aquatic Conservation Fund","robots":{"index":"index","follow":"follow","max-snippet":"max-snippet:-1","max-image-preview":"max-image-preview:large","max-video-preview":"max-video-preview:-1"},"canonical":"https:\/\/africanaquaticconservation.org\/fr\/contact\/","og_locale":"fr_FR","og_type":"article","og_title":"Contact - African Aquatic Conservation Fund","og_description":"Avez-vous des questions ou souhaitez entrer en contact ? Remplissez le formulaire ci-dessous et nous vous r\u00e9pondrons dans les plus brefs d\u00e9lais. Vous pr\u00e9f\u00e9rez parler au t\u00e9l\u00e9phone? Appelez-nous au +1 508-388-9824.","og_url":"https:\/\/africanaquaticconservation.org\/fr\/contact\/","og_site_name":"African Aquatic Conservation Fund","article_publisher":"https:\/\/www.facebook.com\/AfricanAquaticConsFund\/","article_modified_time":"2025-11-19T14:50:25+00:00","og_image":[{"width":805,"height":276,"url":"https:\/\/africanaquaticconservation.org\/wp-content\/uploads\/2015\/10\/AACF-275h.png","type":"image\/png"}],"twitter_card":"summary_large_image","twitter_misc":{"Dur\u00e9e de lecture estim\u00e9e":"1 minute"},"schema":{"@context":"https:\/\/schema.org","@graph":[{"@type":"WebPage","@id":"https:\/\/africanaquaticconservation.org\/fr\/contact\/","url":"https:\/\/africanaquaticconservation.org\/fr\/contact\/","name":"Contact - African Aquatic Conservation Fund","isPartOf":{"@id":"https:\/\/africanaquaticconservation.org\/#website"},"datePublished":"2024-06-28T21:49:23+00:00","dateModified":"2025-11-19T14:50:25+00:00","breadcrumb":{"@id":"https:\/\/africanaquaticconservation.org\/fr\/contact\/#breadcrumb"},"inLanguage":"fr-FR","potentialAction":[{"@type":"ReadAction","target":["https:\/\/africanaquaticconservation.org\/fr\/contact\/"]}]},{"@type":"BreadcrumbList","@id":"https:\/\/africanaquaticconservation.org\/fr\/contact\/#breadcrumb","itemListElement":[{"@type":"ListItem","position":1,"name":"Accueil","item":"https:\/\/africanaquaticconservation.org\/fr\/"},{"@type":"ListItem","position":2,"name":"Contact"}]},{"@type":"WebSite","@id":"https:\/\/africanaquaticconservation.org\/#website","url":"https:\/\/africanaquaticconservation.org\/","name":"African Aquatic Conservation Fund","description":"Recherche. Education. Conservation.","publisher":{"@id":"https:\/\/africanaquaticconservation.org\/#organization"},"potentialAction":[{"@type":"SearchAction","target":{"@type":"EntryPoint","urlTemplate":"https:\/\/africanaquaticconservation.org\/?s={search_term_string}"},"query-input":{"@type":"PropertyValueSpecification","valueRequired":true,"valueName":"search_term_string"}}],"inLanguage":"fr-FR"},{"@type":"Organization","@id":"https:\/\/africanaquaticconservation.org\/#organization","name":"African Aquatic Conservation Fund","url":"https:\/\/africanaquaticconservation.org\/","logo":{"@type":"ImageObject","inLanguage":"fr-FR","@id":"https:\/\/africanaquaticconservation.org\/#\/schema\/logo\/image\/","url":"https:\/\/africanaquaticconservation.org\/wp-content\/uploads\/2016\/08\/AACF-100h-1.png","contentUrl":"https:\/\/africanaquaticconservation.org\/wp-content\/uploads\/2016\/08\/AACF-100h-1.png","width":"293","height":"100","caption":"African Aquatic Conservation Fund"},"image":{"@id":"https:\/\/africanaquaticconservation.org\/#\/schema\/logo\/image\/"},"sameAs":["https:\/\/www.facebook.com\/AfricanAquaticConsFund\/"]}]}},"campaignId":"","_links":{"self":[{"href":"https:\/\/africanaquaticconservation.org\/fr\/wp-json\/wp\/v2\/pages\/6001","targetHints":{"allow":["GET"]}}],"collection":[{"href":"https:\/\/africanaquaticconservation.org\/fr\/wp-json\/wp\/v2\/pages"}],"about":[{"href":"https:\/\/africanaquaticconservation.org\/fr\/wp-json\/wp\/v2\/types\/page"}],"author":[{"embeddable":true,"href":"https:\/\/africanaquaticconservation.org\/fr\/wp-json\/wp\/v2\/users\/2"}],"replies":[{"embeddable":true,"href":"https:\/\/africanaquaticconservation.org\/fr\/wp-json\/wp\/v2\/comments?post=6001"}],"version-history":[{"count":4,"href":"https:\/\/africanaquaticconservation.org\/fr\/wp-json\/wp\/v2\/pages\/6001\/revisions"}],"predecessor-version":[{"id":6383,"href":"https:\/\/africanaquaticconservation.org\/fr\/wp-json\/wp\/v2\/pages\/6001\/revisions\/6383"}],"wp:attachment":[{"href":"https:\/\/africanaquaticconservation.org\/fr\/wp-json\/wp\/v2\/media?parent=6001"}],"curies":[{"name":"wp","href":"https:\/\/api.w.org\/{rel}","templated":true}]}}